{"id":345,"date":"2019-01-16T12:10:52","date_gmt":"2019-01-16T11:10:52","guid":{"rendered":"http:\/\/college-albertmicheneau-villefagnan.fr\/?page_id=345"},"modified":"2022-06-20T12:34:08","modified_gmt":"2022-06-20T10:34:08","slug":"mentions-legales","status":"publish","type":"page","link":"http:\/\/college-albertmicheneau-villefagnan.fr\/index.php\/mentions-legales\/","title":{"rendered":"Mentions l\u00e9gales"},"content":{"rendered":"[vc_row type=\u00a0\u00bbin_container\u00a0\u00bb full_screen_row_position=\u00a0\u00bbmiddle\u00a0\u00bb scene_position=\u00a0\u00bbcenter\u00a0\u00bb text_color=\u00a0\u00bbdark\u00a0\u00bb text_align=\u00a0\u00bbleft\u00a0\u00bb overlay_strength=\u00a0\u00bb0.3&Prime; shape_divider_position=\u00a0\u00bbbottom\u00a0\u00bb][vc_column centered_text=\u00a0\u00bbtrue\u00a0\u00bb column_padding=\u00a0\u00bbno-extra-padding\u00a0\u00bb column_padding_position=\u00a0\u00bball\u00a0\u00bb background_color_opacity=\u00a0\u00bb1&Prime; background_hover_color_opacity=\u00a0\u00bb1&Prime; column_link_target=\u00a0\u00bb_self\u00a0\u00bb column_shadow=\u00a0\u00bbnone\u00a0\u00bb column_border_radius=\u00a0\u00bbnone\u00a0\u00bb top_margin=\u00a0\u00bb-3%\u00a0\u00bb width=\u00a0\u00bb1\/1&Prime; tablet_width_inherit=\u00a0\u00bbdefault\u00a0\u00bb tablet_text_alignment=\u00a0\u00bbdefault\u00a0\u00bb phone_text_alignment=\u00a0\u00bbdefault\u00a0\u00bb column_border_width=\u00a0\u00bbnone\u00a0\u00bb column_border_style=\u00a0\u00bbsolid\u00a0\u00bb][nectar_btn size=\u00a0\u00bbsmall\u00a0\u00bb open_new_tab=\u00a0\u00bbtrue\u00a0\u00bb button_style=\u00a0\u00bbregular\u00a0\u00bb button_color_2=\u00a0\u00bbAccent-Color\u00a0\u00bb icon_family=\u00a0\u00bbfontawesome\u00a0\u00bb url=\u00a0\u00bbhttps:\/\/ent.ac-poitiers.fr\u00a0\u00bb text=\u00a0\u00bbConnexion ENT\u00a0\u00bb css_animation=\u00a0\u00bbflipInY\u00a0\u00bb icon_fontawesome=\u00a0\u00bbfa fa-globe\u00a0\u00bb][\/vc_column][\/vc_row][vc_row type=\u00a0\u00bbin_container\u00a0\u00bb full_screen_row_position=\u00a0\u00bbmiddle\u00a0\u00bb scene_position=\u00a0\u00bbcenter\u00a0\u00bb text_color=\u00a0\u00bbdark\u00a0\u00bb text_align=\u00a0\u00bbleft\u00a0\u00bb overlay_strength=\u00a0\u00bb0.3&Prime; shape_divider_position=\u00a0\u00bbbottom\u00a0\u00bb][vc_column column_padding=\u00a0\u00bbno-extra-padding\u00a0\u00bb column_padding_position=\u00a0\u00bball\u00a0\u00bb background_color_opacity=\u00a0\u00bb1&Prime; background_hover_color_opacity=\u00a0\u00bb1&Prime; column_link_target=\u00a0\u00bb_self\u00a0\u00bb column_shadow=\u00a0\u00bbnone\u00a0\u00bb column_border_radius=\u00a0\u00bbnone\u00a0\u00bb width=\u00a0\u00bb1\/1&Prime; tablet_width_inherit=\u00a0\u00bbdefault\u00a0\u00bb tablet_text_alignment=\u00a0\u00bbdefault\u00a0\u00bb phone_text_alignment=\u00a0\u00bbdefault\u00a0\u00bb column_border_width=\u00a0\u00bbnone\u00a0\u00bb column_border_style=\u00a0\u00bbsolid\u00a0\u00bb][vc_column_text]<strong>Etablissement:<\/strong><br \/>\nColl\u00e8ge Albert Micheneau<br \/>\nroute de Chef Boutonne<br \/>\n16240 Villefagnan<br \/>\n05 45 31 61 67<br \/>\nce.0160115n[arobase]ac-poitiers.fr (remplacer [arobase] par @).<\/p>\n<p><strong>Directeur de la publication:<\/strong><br \/>\nM. Lebret\u2013 principal du coll\u00e8ge<br \/>\nM. Valy &#8211; principal adjoint<\/p>\n<p><strong>Administration du site:<\/strong><br \/>\nLudovic Br\u00e9meau &#8211; RUPN- Enseignant de math\u00e9matiques<br \/>\nMatthieu Aymard &#8211; ATP<\/p>\n<p><strong>H\u00e9bergement:<\/strong><br \/>\nOVH \u2013 SAS au capital de 10 069 020 \u20ac<br \/>\nRCS Lille M\u00e9tropole 424 761 419 00045<br \/>\nSi\u00e8ge social : 2 rue Kellermann \u2013 59100 Roubaix \u2013 France<br \/>\nT\u00e9l\u00e9phone: 09 72 10 10 07<\/p>\n<p><strong>Droits d\u2019acc\u00e8s:<\/strong><br \/>\nConform\u00e9ment aux articles 34 et suivants de la loi \u201cInformatique et libert\u00e9s\u201d, vous disposez d\u2019un droit d\u2019acc\u00e8s, de modification, de rectification et de suppression des donn\u00e9es qui vous concernent. Pour l\u2019exercer, envoyez un courriel \u00e0 l\u2019adresse suivante matthieu.aymard[arobase]ac-poitiers.fr (remplacer [arobase] par @).<\/p>\n<p><strong>Conditions d\u2019utilisation:<\/strong><br \/>\nLa totalit\u00e9 des \u00e9l\u00e9ments composant le site www.college-albertmicheneau-villefagnan.fr sont r\u00e9serv\u00e9s \u00e0 un usage strictement personnel. Toute reproduction ou r\u00e9utilisation partielle ou totale, sous n\u2019importe quelle forme et sans autorisation pr\u00e9alable est interdite. Le non-respect de cette interdiction constituerait une contrefa\u00e7on sanctionn\u00e9e par les articles L335-2 et suivants du code de la propri\u00e9t\u00e9 intellectuelle.<br \/>\nLes liens hypertextes renvoyant vers des sites externes \u00e0 celui du coll\u00e8ge n\u2019engagent pas la responsabilit\u00e9 du coll\u00e8ge quant \u00e0 leur contenu.[\/vc_column_text][\/vc_column][\/vc_row]\n","protected":false},"excerpt":{"rendered":"<p>[vc_row type=\u00a0\u00bbin_container\u00a0\u00bb full_screen_row_position=\u00a0\u00bbmiddle\u00a0\u00bb scene_position=\u00a0\u00bbcenter\u00a0\u00bb text_color=\u00a0\u00bbdark\u00a0\u00bb text_align=\u00a0\u00bbleft\u00a0\u00bb overlay_strength=\u00a0\u00bb0.3&Prime; shape_divider_position=\u00a0\u00bbbottom\u00a0\u00bb][vc_column centered_text=\u00a0\u00bbtrue\u00a0\u00bb column_padding=\u00a0\u00bbno-extra-padding\u00a0\u00bb column_padding_position=\u00a0\u00bball\u00a0\u00bb background_color_opacity=\u00a0\u00bb1&Prime; background_hover_color_opacity=\u00a0\u00bb1&Prime; column_link_target=\u00a0\u00bb_self\u00a0\u00bb column_shadow=\u00a0\u00bbnone\u00a0\u00bb column_border_radius=\u00a0\u00bbnone\u00a0\u00bb top_margin=\u00a0\u00bb-3%\u00a0\u00bb width=\u00a0\u00bb1\/1&Prime; tablet_width_inherit=\u00a0\u00bbdefault\u00a0\u00bb tablet_text_alignment=\u00a0\u00bbdefault\u00a0\u00bb phone_text_alignment=\u00a0\u00bbdefault\u00a0\u00bb column_border_width=\u00a0\u00bbnone\u00a0\u00bb column_border_style=\u00a0\u00bbsolid\u00a0\u00bb][nectar_btn size=\u00a0\u00bbsmall\u00a0\u00bb open_new_tab=\u00a0\u00bbtrue\u00a0\u00bb button_style=\u00a0\u00bbregular\u00a0\u00bb button_color_2=\u00a0\u00bbAccent-Color\u00a0\u00bb icon_family=\u00a0\u00bbfontawesome\u00a0\u00bb url=\u00a0\u00bbhttps:\/\/ent.ac-poitiers.fr\u00a0\u00bb text=\u00a0\u00bbConnexion&#8230;<\/p>\n","protected":false},"author":2,"featured_media":0,"parent":0,"menu_order":0,"comment_status":"closed","ping_status":"closed","template":"","meta":{"footnotes":""},"class_list":["post-345","page","type-page","status-publish"],"_links":{"self":[{"href":"http:\/\/college-albertmicheneau-villefagnan.fr\/index.php\/wp-json\/wp\/v2\/pages\/345","targetHints":{"allow":["GET"]}}],"collection":[{"href":"http:\/\/college-albertmicheneau-villefagnan.fr\/index.php\/wp-json\/wp\/v2\/pages"}],"about":[{"href":"http:\/\/college-albertmicheneau-villefagnan.fr\/index.php\/wp-json\/wp\/v2\/types\/page"}],"author":[{"embeddable":true,"href":"http:\/\/college-albertmicheneau-villefagnan.fr\/index.php\/wp-json\/wp\/v2\/users\/2"}],"replies":[{"embeddable":true,"href":"http:\/\/college-albertmicheneau-villefagnan.fr\/index.php\/wp-json\/wp\/v2\/comments?post=345"}],"version-history":[{"count":0,"href":"http:\/\/college-albertmicheneau-villefagnan.fr\/index.php\/wp-json\/wp\/v2\/pages\/345\/revisions"}],"wp:attachment":[{"href":"http:\/\/college-albertmicheneau-villefagnan.fr\/index.php\/wp-json\/wp\/v2\/media?parent=345"}],"curies":[{"name":"wp","href":"https:\/\/api.w.org\/{rel}","templated":true}]}}