{"id":543,"date":"2019-02-05T11:58:48","date_gmt":"2019-02-05T10:58:48","guid":{"rendered":"http:\/\/college-albertmicheneau-villefagnan.fr\/?page_id=543"},"modified":"2023-09-04T16:26:17","modified_gmt":"2023-09-04T14:26:17","slug":"charte-informatique","status":"publish","type":"page","link":"http:\/\/college-albertmicheneau-villefagnan.fr\/index.php\/administration\/charte-informatique\/","title":{"rendered":"Charte informatique"},"content":{"rendered":"[vc_row type=\u00a0\u00bbin_container\u00a0\u00bb full_screen_row_position=\u00a0\u00bbmiddle\u00a0\u00bb scene_position=\u00a0\u00bbcenter\u00a0\u00bb text_color=\u00a0\u00bbdark\u00a0\u00bb text_align=\u00a0\u00bbleft\u00a0\u00bb overlay_strength=\u00a0\u00bb0.3&Prime; shape_divider_position=\u00a0\u00bbbottom\u00a0\u00bb][vc_column enable_animation=\u00a0\u00bbtrue\u00a0\u00bb animation=\u00a0\u00bbgrow-in\u00a0\u00bb centered_text=\u00a0\u00bbtrue\u00a0\u00bb column_padding=\u00a0\u00bbno-extra-padding\u00a0\u00bb column_padding_position=\u00a0\u00bball\u00a0\u00bb background_color_opacity=\u00a0\u00bb1&Prime; background_hover_color_opacity=\u00a0\u00bb1&Prime; column_link_target=\u00a0\u00bb_self\u00a0\u00bb column_shadow=\u00a0\u00bbnone\u00a0\u00bb column_border_radius=\u00a0\u00bbnone\u00a0\u00bb top_margin=\u00a0\u00bb-3%\u00a0\u00bb width=\u00a0\u00bb1\/1&Prime; tablet_width_inherit=\u00a0\u00bbdefault\u00a0\u00bb tablet_text_alignment=\u00a0\u00bbdefault\u00a0\u00bb phone_text_alignment=\u00a0\u00bbdefault\u00a0\u00bb column_border_width=\u00a0\u00bbnone\u00a0\u00bb column_border_style=\u00a0\u00bbsolid\u00a0\u00bb][nectar_btn size=\u00a0\u00bbsmall\u00a0\u00bb open_new_tab=\u00a0\u00bbtrue\u00a0\u00bb button_style=\u00a0\u00bbregular\u00a0\u00bb button_color_2=\u00a0\u00bbAccent-Color\u00a0\u00bb icon_family=\u00a0\u00bbfontawesome\u00a0\u00bb url=\u00a0\u00bbhttps:\/\/ent16.lacharente.fr\/\u00a0\u00bb text=\u00a0\u00bbConnexion ENT\u00a0\u00bb css_animation=\u00a0\u00bbflipInY\u00a0\u00bb icon_fontawesome=\u00a0\u00bbfa fa-globe\u00a0\u00bb][\/vc_column][\/vc_row][vc_row type=\u00a0\u00bbin_container\u00a0\u00bb full_screen_row_position=\u00a0\u00bbmiddle\u00a0\u00bb scene_position=\u00a0\u00bbcenter\u00a0\u00bb text_color=\u00a0\u00bbdark\u00a0\u00bb text_align=\u00a0\u00bbleft\u00a0\u00bb top_padding=\u00a0\u00bb5%\u00a0\u00bb overlay_strength=\u00a0\u00bb0.3&Prime; shape_divider_position=\u00a0\u00bbbottom\u00a0\u00bb shape_type=\u00a0\u00bb\u00a0\u00bb][vc_column enable_animation=\u00a0\u00bbtrue\u00a0\u00bb animation=\u00a0\u00bbgrow-in\u00a0\u00bb column_padding=\u00a0\u00bbno-extra-padding\u00a0\u00bb column_padding_position=\u00a0\u00bball\u00a0\u00bb background_color_opacity=\u00a0\u00bb1&Prime; background_hover_color_opacity=\u00a0\u00bb1&Prime; column_link_target=\u00a0\u00bb_self\u00a0\u00bb column_shadow=\u00a0\u00bbnone\u00a0\u00bb column_border_radius=\u00a0\u00bbnone\u00a0\u00bb width=\u00a0\u00bb1\/1&Prime; tablet_width_inherit=\u00a0\u00bbdefault\u00a0\u00bb tablet_text_alignment=\u00a0\u00bbdefault\u00a0\u00bb phone_text_alignment=\u00a0\u00bbdefault\u00a0\u00bb column_border_width=\u00a0\u00bbnone\u00a0\u00bb column_border_style=\u00a0\u00bbsolid\u00a0\u00bb][vc_column_text]\n<div class=\"texte\">\n<p><strong>Charte d&rsquo;utilisation de l&rsquo;internet, des r\u00e9seaux et des services multim\u00e9dia<\/strong><\/p>\n<hr \/>\n<p>&nbsp;<\/p>\n<p>Cette charte s\u2019applique \u00e0 tout utilisateur, membre du personnel ou \u00e9l\u00e8ve, acc\u00e9dant aux postes informatiques du coll\u00e8ge. Elle pr\u00e9cise les droits que le coll\u00e8ge et les utilisateurs s\u2019engagent \u00e0 respecter.<\/p>\n<p>Le chef d\u2019\u00e9tablissement veille au bon respect de la pr\u00e9sente charte dans l\u2019\u00e9tablissement.<\/p>\n<p><strong>1. ACCES AUX RESSOURCES INFORMATIQUES\u00a0:<\/strong><\/p>\n<p>Chaque utilisateur se voit attribuer un compte (constitu\u00e9 d\u2019un identifiant et d\u2019un mot de passe strictement personnel et confidentiel) qui lui permet de se connecter au r\u00e9seau p\u00e9dagogique.<\/p>\n<ul class=\"apspip\">\n<li class=\"apspip\">Les utilisateurs s\u2019engagent \u00e0 acc\u00e9der aux ressources informatiques \u00e0 des fins prioritairement p\u00e9dagogiques ou d\u2019\u00e9ducation aux m\u00e9dias.<\/li>\n<\/ul>\n<ul class=\"apspip\">\n<li class=\"apspip\">Les \u00e9l\u00e8ves s\u2019engagent \u00e0 demander l\u2019autorisation au responsable de la salle pour toute activit\u00e9 y compris les impressions de documents.<\/li>\n<\/ul>\n<ul class=\"apspip\">\n<li class=\"apspip\">Chacun doit respecter le mat\u00e9riel mis \u00e0 sa disposition et ne pas effectuer d\u2019activit\u00e9s accaparant les ressources informatiques et p\u00e9nalisant la communaut\u00e9.<\/li>\n<\/ul>\n<ul class=\"apspip\">\n<li class=\"apspip\">Les utilisateurs s\u2019engagent \u00e0 ne pas installer de logiciels et \u00e0 ne pas modifier les configurations des postes sans l\u2019autorisation pr\u00e9alable des responsables informatiques.<\/li>\n<\/ul>\n<p><strong>2. RESPECT DE LA LEGISLATION\u00a0:<\/strong><\/p>\n<p>Outre l\u2019atteinte aux valeurs fondamentales de l\u2019Education Nationale (principes de neutralit\u00e9 religieuse, politique et commerciale), sont interdits et p\u00e9nalement sanctionn\u00e9s\u00a0:<\/p>\n<p>1. Le non-respect des droits de la personne\u00a0: l\u2019atteinte \u00e0 la vie priv\u00e9e, la diffamation et l\u2019injure.<\/p>\n<p>2. Toute forme de provocation, de discrimination, d\u2019incitation \u00e0 la haine et \u00e0 la violence.<\/p>\n<p>3. Le non-respect de la propri\u00e9t\u00e9 intellectuelle et artistique\u00a0: la reproduction, le t\u00e9l\u00e9chargement, la repr\u00e9sentation ou diffusion d\u2019une \u0153uvre (par exemple, extrait musical ou litt\u00e9raire, photographie\u2026)<\/p>\n<p>4. Les copies de logiciels commerciaux.<\/p>\n<p><strong>3. USAGES DU RESEAU INTERNET\u00a0:<\/strong><\/p>\n<p>L\u2019usager doit savoir qu\u2019Internet donne acc\u00e8s \u00e0 des informations<br class=\"autobr\" \/>non valid\u00e9es. <br class=\"autobr\" \/>l\u2019utilisation de la messagerie ne se fera qu\u2019avec l\u2019autorisation du responsable du lieu.<\/p>\n<p><strong>4. CONTR\u00d4LES\u00a0:<\/strong><\/p>\n<p>Le coll\u00e8ge se r\u00e9serve la possibilit\u00e9 de contr\u00f4ler les sites visit\u00e9s par les usagers et de sanctionner l\u2019acc\u00e8s \u00e0 des sites illicites ou contraires aux valeurs de l\u2019\u00e9cole et de v\u00e9rifier que l\u2019utilisation des services reste conforme aux objectifs cit\u00e9s ci-dessus.<\/p>\n<p><strong> 5. SANCTIONS\u00a0:<\/strong><\/p>\n<p>La charte ne se substituant pas au r\u00e8glement int\u00e9rieur de l\u2019\u00e9tablissement, le non-respect de la charte pourra donner lieu \u00e0 une limitation ou \u00e0 une suppression de l\u2019acc\u00e8s aux services, et aux sanctions disciplinaires pr\u00e9vues dans le r\u00e8glement int\u00e9rieur de l\u2019\u00e9tablissement.<\/p>\n<\/div>\n[\/vc_column_text][\/vc_column][\/vc_row][vc_row type=\u00a0\u00bbin_container\u00a0\u00bb full_screen_row_position=\u00a0\u00bbmiddle\u00a0\u00bb scene_position=\u00a0\u00bbcenter\u00a0\u00bb text_color=\u00a0\u00bbdark\u00a0\u00bb text_align=\u00a0\u00bbleft\u00a0\u00bb overlay_strength=\u00a0\u00bb0.3&Prime; shape_divider_position=\u00a0\u00bbbottom\u00a0\u00bb][vc_column column_padding=\u00a0\u00bbno-extra-padding\u00a0\u00bb column_padding_position=\u00a0\u00bball\u00a0\u00bb background_color_opacity=\u00a0\u00bb1&Prime; background_hover_color_opacity=\u00a0\u00bb1&Prime; column_link_target=\u00a0\u00bb_self\u00a0\u00bb column_shadow=\u00a0\u00bbnone\u00a0\u00bb column_border_radius=\u00a0\u00bbnone\u00a0\u00bb width=\u00a0\u00bb1\/5&Prime; tablet_width_inherit=\u00a0\u00bbdefault\u00a0\u00bb tablet_text_alignment=\u00a0\u00bbdefault\u00a0\u00bb phone_text_alignment=\u00a0\u00bbdefault\u00a0\u00bb column_border_width=\u00a0\u00bbnone\u00a0\u00bb column_border_style=\u00a0\u00bbsolid\u00a0\u00bb][fancy_box box_style=\u00a0\u00bbdefault\u00a0\u00bb icon_family=\u00a0\u00bbnone\u00a0\u00bb image_url=\u00a0\u00bb3020&Prime; color=\u00a0\u00bbAccent-Color\u00a0\u00bb enable_animation=\u00a0\u00bbtrue\u00a0\u00bb animation=\u00a0\u00bbgrow-in\u00a0\u00bb link_url=\u00a0\u00bbhttp:\/\/college-albertmicheneau-villefagnan.fr\/index.php\/administration\/le-mot-du-principal\/\u00a0\u00bb]Le mot du Principal[\/fancy_box][\/vc_column][vc_column column_padding=\u00a0\u00bbno-extra-padding\u00a0\u00bb column_padding_position=\u00a0\u00bball\u00a0\u00bb background_color_opacity=\u00a0\u00bb1&Prime; background_hover_color_opacity=\u00a0\u00bb1&Prime; column_link_target=\u00a0\u00bb_self\u00a0\u00bb column_shadow=\u00a0\u00bbnone\u00a0\u00bb column_border_radius=\u00a0\u00bbnone\u00a0\u00bb width=\u00a0\u00bb1\/5&Prime; tablet_width_inherit=\u00a0\u00bbdefault\u00a0\u00bb tablet_text_alignment=\u00a0\u00bbdefault\u00a0\u00bb phone_text_alignment=\u00a0\u00bbdefault\u00a0\u00bb column_border_width=\u00a0\u00bbnone\u00a0\u00bb column_border_style=\u00a0\u00bbsolid\u00a0\u00bb][fancy_box box_style=\u00a0\u00bbdefault\u00a0\u00bb icon_family=\u00a0\u00bbnone\u00a0\u00bb image_url=\u00a0\u00bb1054&Prime; color=\u00a0\u00bbAccent-Color\u00a0\u00bb enable_animation=\u00a0\u00bbtrue\u00a0\u00bb animation=\u00a0\u00bbgrow-in\u00a0\u00bb link_url=\u00a0\u00bbhttp:\/\/college-albertmicheneau-villefagnan.fr\/index.php\/reglement-interieur\/\u00a0\u00bb]R\u00e8glement int\u00e9rieur[\/fancy_box][\/vc_column][vc_column column_padding=\u00a0\u00bbno-extra-padding\u00a0\u00bb column_padding_position=\u00a0\u00bball\u00a0\u00bb background_color_opacity=\u00a0\u00bb1&Prime; background_hover_color_opacity=\u00a0\u00bb1&Prime; column_link_target=\u00a0\u00bb_self\u00a0\u00bb column_shadow=\u00a0\u00bbnone\u00a0\u00bb column_border_radius=\u00a0\u00bbnone\u00a0\u00bb width=\u00a0\u00bb1\/5&Prime; tablet_width_inherit=\u00a0\u00bbdefault\u00a0\u00bb tablet_text_alignment=\u00a0\u00bbdefault\u00a0\u00bb phone_text_alignment=\u00a0\u00bbdefault\u00a0\u00bb column_border_width=\u00a0\u00bbnone\u00a0\u00bb column_border_style=\u00a0\u00bbsolid\u00a0\u00bb][fancy_box box_style=\u00a0\u00bbdefault\u00a0\u00bb icon_family=\u00a0\u00bbnone\u00a0\u00bb image_url=\u00a0\u00bb2189&Prime; color=\u00a0\u00bbAccent-Color\u00a0\u00bb enable_animation=\u00a0\u00bbtrue\u00a0\u00bb animation=\u00a0\u00bbgrow-in\u00a0\u00bb link_url=\u00a0\u00bbhttp:\/\/college-albertmicheneau-villefagnan.fr\/index.php\/charte-informatique\/\u00a0\u00bb]Charte informatique[\/fancy_box][\/vc_column][vc_column column_padding=\u00a0\u00bbno-extra-padding\u00a0\u00bb column_padding_position=\u00a0\u00bball\u00a0\u00bb background_color_opacity=\u00a0\u00bb1&Prime; background_hover_color_opacity=\u00a0\u00bb1&Prime; column_link_target=\u00a0\u00bb_self\u00a0\u00bb column_shadow=\u00a0\u00bbnone\u00a0\u00bb column_border_radius=\u00a0\u00bbnone\u00a0\u00bb width=\u00a0\u00bb1\/5&Prime; tablet_width_inherit=\u00a0\u00bbdefault\u00a0\u00bb tablet_text_alignment=\u00a0\u00bbdefault\u00a0\u00bb phone_text_alignment=\u00a0\u00bbdefault\u00a0\u00bb column_border_width=\u00a0\u00bbnone\u00a0\u00bb column_border_style=\u00a0\u00bbsolid\u00a0\u00bb][fancy_box box_style=\u00a0\u00bbdefault\u00a0\u00bb icon_family=\u00a0\u00bbnone\u00a0\u00bb image_url=\u00a0\u00bb553&Prime; color=\u00a0\u00bbAccent-Color\u00a0\u00bb enable_animation=\u00a0\u00bbtrue\u00a0\u00bb animation=\u00a0\u00bbgrow-in\u00a0\u00bb link_url=\u00a0\u00bbhttps:\/\/college-albertmicheneau-villefagnan.fr\/index.php\/fonds-sociaux\/\u00a0\u00bb]Crit\u00e8res d&rsquo;attribution de fonds sociaux[\/fancy_box][\/vc_column][vc_column column_padding=\u00a0\u00bbno-extra-padding\u00a0\u00bb column_padding_position=\u00a0\u00bball\u00a0\u00bb background_color_opacity=\u00a0\u00bb1&Prime; background_hover_color_opacity=\u00a0\u00bb1&Prime; column_link_target=\u00a0\u00bb_self\u00a0\u00bb column_shadow=\u00a0\u00bbnone\u00a0\u00bb column_border_radius=\u00a0\u00bbnone\u00a0\u00bb width=\u00a0\u00bb1\/5&Prime; tablet_width_inherit=\u00a0\u00bbdefault\u00a0\u00bb tablet_text_alignment=\u00a0\u00bbdefault\u00a0\u00bb phone_text_alignment=\u00a0\u00bbdefault\u00a0\u00bb column_border_width=\u00a0\u00bbnone\u00a0\u00bb column_border_style=\u00a0\u00bbsolid\u00a0\u00bb][fancy_box box_style=\u00a0\u00bbdefault\u00a0\u00bb icon_family=\u00a0\u00bbnone\u00a0\u00bb image_url=\u00a0\u00bb2194&Prime; color=\u00a0\u00bbAccent-Color\u00a0\u00bb enable_animation=\u00a0\u00bbtrue\u00a0\u00bb animation=\u00a0\u00bbgrow-in\u00a0\u00bb link_url=\u00a0\u00bbhttps:\/\/college-albertmicheneau-villefagnan.fr\/index.php\/administration\/le-reglement-de-la-restauration\/\u00a0\u00bb]Le r\u00e8glement de la restauration[\/fancy_box][\/vc_column][\/vc_row]\n","protected":false},"excerpt":{"rendered":"<p>[vc_row type=\u00a0\u00bbin_container\u00a0\u00bb full_screen_row_position=\u00a0\u00bbmiddle\u00a0\u00bb scene_position=\u00a0\u00bbcenter\u00a0\u00bb text_color=\u00a0\u00bbdark\u00a0\u00bb text_align=\u00a0\u00bbleft\u00a0\u00bb overlay_strength=\u00a0\u00bb0.3&Prime; shape_divider_position=\u00a0\u00bbbottom\u00a0\u00bb][vc_column enable_animation=\u00a0\u00bbtrue\u00a0\u00bb animation=\u00a0\u00bbgrow-in\u00a0\u00bb centered_text=\u00a0\u00bbtrue\u00a0\u00bb column_padding=\u00a0\u00bbno-extra-padding\u00a0\u00bb column_padding_position=\u00a0\u00bball\u00a0\u00bb background_color_opacity=\u00a0\u00bb1&Prime; background_hover_color_opacity=\u00a0\u00bb1&Prime; column_link_target=\u00a0\u00bb_self\u00a0\u00bb column_shadow=\u00a0\u00bbnone\u00a0\u00bb column_border_radius=\u00a0\u00bbnone\u00a0\u00bb top_margin=\u00a0\u00bb-3%\u00a0\u00bb width=\u00a0\u00bb1\/1&Prime; tablet_width_inherit=\u00a0\u00bbdefault\u00a0\u00bb tablet_text_alignment=\u00a0\u00bbdefault\u00a0\u00bb phone_text_alignment=\u00a0\u00bbdefault\u00a0\u00bb column_border_width=\u00a0\u00bbnone\u00a0\u00bb column_border_style=\u00a0\u00bbsolid\u00a0\u00bb][nectar_btn size=\u00a0\u00bbsmall\u00a0\u00bb open_new_tab=\u00a0\u00bbtrue\u00a0\u00bb button_style=\u00a0\u00bbregular\u00a0\u00bb button_color_2=\u00a0\u00bbAccent-Color\u00a0\u00bb icon_family=\u00a0\u00bbfontawesome\u00a0\u00bb&#8230;<\/p>\n","protected":false},"author":1,"featured_media":0,"parent":238,"menu_order":0,"comment_status":"closed","ping_status":"closed","template":"","meta":{"footnotes":""},"class_list":["post-543","page","type-page","status-publish"],"_links":{"self":[{"href":"http:\/\/college-albertmicheneau-villefagnan.fr\/index.php\/wp-json\/wp\/v2\/pages\/543","targetHints":{"allow":["GET"]}}],"collection":[{"href":"http:\/\/college-albertmicheneau-villefagnan.fr\/index.php\/wp-json\/wp\/v2\/pages"}],"about":[{"href":"http:\/\/college-albertmicheneau-villefagnan.fr\/index.php\/wp-json\/wp\/v2\/types\/page"}],"author":[{"embeddable":true,"href":"http:\/\/college-albertmicheneau-villefagnan.fr\/index.php\/wp-json\/wp\/v2\/users\/1"}],"replies":[{"embeddable":true,"href":"http:\/\/college-albertmicheneau-villefagnan.fr\/index.php\/wp-json\/wp\/v2\/comments?post=543"}],"version-history":[{"count":0,"href":"http:\/\/college-albertmicheneau-villefagnan.fr\/index.php\/wp-json\/wp\/v2\/pages\/543\/revisions"}],"up":[{"embeddable":true,"href":"http:\/\/college-albertmicheneau-villefagnan.fr\/index.php\/wp-json\/wp\/v2\/pages\/238"}],"wp:attachment":[{"href":"http:\/\/college-albertmicheneau-villefagnan.fr\/index.php\/wp-json\/wp\/v2\/media?parent=543"}],"curies":[{"name":"wp","href":"https:\/\/api.w.org\/{rel}","templated":true}]}}